{"id":2557,"date":"2025-08-06T22:19:33","date_gmt":"2025-08-06T22:19:33","guid":{"rendered":"https:\/\/pacascrudas.com.mx\/?page_id=2557"},"modified":"2025-10-15T19:24:22","modified_gmt":"2025-10-15T19:24:22","slug":"2do-producto","status":"publish","type":"page","link":"https:\/\/pacascrudas.com.mx\/en\/2do-producto\/","title":{"rendered":"2do producto"},"content":{"rendered":"<div class=\"wp-block-uagb-container boton-mi-pagina uagb-block-1d1f4d9b alignfull uagb-is-root-container\"><div class=\"uagb-container-inner-blocks-wrap\">\n<div class=\"wp-block-uagb-buttons uagb-buttons__outer-wrap uagb-btn__default-btn uagb-btn-tablet__default-btn uagb-btn-mobile__default-btn uagb-block-501f8f8d\"><div class=\"uagb-buttons__wrap uagb-buttons-layout-wrap\">\n<div class=\"wp-block-uagb-buttons-child uagb-buttons__outer-wrap uagb-block-3959cb82 wp-block-button\"><div class=\"uagb-button__wrapper\"><a class=\"uagb-buttons-repeater wp-block-button__link\" aria-label=\"\" href=\"https:\/\/pacascrudas.com.mx\/en\/productos-2\/\" rel=\"follow noopener\" target=\"_self\" role=\"button\"><span class=\"uagb-button__icon uagb-button__icon-position-before\"><svg xmlns=\"https:\/\/www.w3.org\/2000\/svg\" viewbox=\"0 0 448 512\" aria-hidden=\"true\" focussable=\"false\"><path d=\"M447.1 256C447.1 273.7 433.7 288 416 288H109.3l105.4 105.4c12.5 12.5 12.5 32.75 0 45.25C208.4 444.9 200.2 448 192 448s-16.38-3.125-22.62-9.375l-160-160c-12.5-12.5-12.5-32.75 0-45.25l160-160c12.5-12.5 32.75-12.5 45.25 0s12.5 32.75 0 45.25L109.3 224H416C433.7 224 447.1 238.3 447.1 256z\"><\/path><\/svg><\/span><div class=\"uagb-button__link\">Back<\/div><\/a><\/div><\/div>\n<\/div><\/div>\n<\/div><\/div>\n\n\n\n<div class=\"wp-block-uagb-container uagb-block-9c2e4bae alignfull uagb-is-root-container\"><div class=\"uagb-container-inner-blocks-wrap\">\n<div class=\"wp-block-uagb-container uagb-block-329571c9 alignfull uagb-is-root-container\"><div class=\"uagb-container-inner-blocks-wrap\">\n<div class=\"wp-block-uagb-container uagb-block-18fbc750\">\n<div class=\"wp-block-uagb-container uagb-block-0a3b90d8\">\n<div class=\"wp-block-uagb-image aligncenter uagb-block-3a9b9169 wp-block-uagb-image--layout-default wp-block-uagb-image--effect-static wp-block-uagb-image--align-center\"><figure class=\"wp-block-uagb-image__figure\"><img decoding=\"async\" srcset=\"https:\/\/pacascrudas.com.mx\/wp-content\/uploads\/2025\/07\/WhatsApp-Image-2025-07-18-at-11.55.49-AM-1-edited-751x1024.jpeg ,https:\/\/pacascrudas.com.mx\/wp-content\/uploads\/2025\/07\/WhatsApp-Image-2025-07-18-at-11.55.49-AM-1-edited.jpeg 780w, https:\/\/pacascrudas.com.mx\/wp-content\/uploads\/2025\/07\/WhatsApp-Image-2025-07-18-at-11.55.49-AM-1-edited.jpeg 360w\" sizes=\"auto, (max-width: 480px) 150px\" src=\"https:\/\/pacascrudas.com.mx\/wp-content\/uploads\/2025\/07\/WhatsApp-Image-2025-07-18-at-11.55.49-AM-1-edited-751x1024.jpeg\" alt=\"whatsapp image 2025 07 18 at 11.55.49 am\" class=\"uag-image-2426\" width=\"751\" height=\"1024\" title=\"whatsapp image 2025 07 18 at 11.55.49 am\" loading=\"lazy\" role=\"img\"\/><\/figure><\/div>\n<\/div>\n<\/div>\n\n\n\n<div class=\"wp-block-group is-layout-flex wp-block-group-is-layout-flex\">\n<div class=\"wp-block-uagb-container uagb-block-5228347d\">\n<div class=\"wp-block-uagb-advanced-heading uagb-block-e58eb588\"><h2 class=\"uagb-heading-text\">COMPLETE LOAD OF RAW CLOTHING<\/h2><\/div>\n\n\n\n<div class=\"wp-block-uagb-container mi-precio-personalizado uagb-block-e2084ba9\"><\/div>\n\n\n\n<div class=\"wp-block-uagb-container uagb-block-0899e705\">\n<div class=\"wp-block-uagb-advanced-heading uagb-block-d2a684eb\"><h3 class=\"uagb-heading-text\">-A load of approximately 45 to 46 bales, each weighing around 1,000 pounds<br>Product in original condition, with all mixed quality grades (clothing with tags, premium, grade 1, grade 2, and budget). Includes clothing, miscellaneous items, footwear, jewelry, and home textiles. Mixed cold and warm seasons.                                                                                             <\/h3><\/div>\n<\/div>\n\n\n\n<div class=\"wp-block-uagb-container uagb-block-623ca4f8\">\n<div class=\"wp-block-uagb-buttons uagb-buttons__outer-wrap uagb-btn__default-btn uagb-btn-tablet__default-btn uagb-btn-mobile__default-btn uagb-block-ef49d6b5\"><div class=\"uagb-buttons__wrap uagb-buttons-layout-wrap\">\n<div class=\"wp-block-uagb-buttons-child uagb-buttons__outer-wrap uagb-block-95aec313 wp-block-button\"><div class=\"uagb-button__wrapper\"><a class=\"uagb-buttons-repeater wp-block-button__link\" aria-label=\"\" href=\"https:\/\/chat.whatsapp.com\/EtSA3O8f7hv6rBZytpEA5f?mode=ems_copy_t\" rel=\"follow noopener\" target=\"_blank\" role=\"button\"><div class=\"uagb-button__link\">WhatsApp!!<\/div><\/a><\/div><\/div>\n<\/div><\/div>\n<\/div>\n<\/div>\n<\/div>\n<\/div><\/div>\n<\/div><\/div>\n\n\n\n<div class=\"wp-block-uagb-container uagb-block-10b574fb alignfull uagb-is-root-container\"><div class=\"uagb-container-inner-blocks-wrap\"><\/div><\/div>","protected":false},"excerpt":{"rendered":"<p>CARGA COMPLETA DE PACAS CRUDAS -Carga con 45 o 46 pacas de mil libras aproximadamente.-Producto intacto, con todas las calidades mixtas (ropa con etiqueta, premium, calidad 1, calidad 2 y econ\u00f3mico). Sale ropa, chachara, calzado, joyer\u00eda, ropa de casa. Temporadas de fr\u00edo y calor mixto.<\/p>","protected":false},"author":1,"featured_media":0,"parent":0,"menu_order":0,"comment_status":"closed","ping_status":"closed","template":"","meta":{"_uag_custom_page_level_css":"","site-sidebar-layout":"default","site-content-layout":"","ast-site-content-layout":"default","site-content-style":"default","site-sidebar-style":"default","ast-global-header-display":"","ast-banner-title-visibility":"","ast-main-header-display":"","ast-hfb-above-header-display":"","ast-hfb-below-header-display":"","ast-hfb-mobile-header-display":"","site-post-title":"disabled","ast-breadcrumbs-content":"","ast-featured-img":"","footer-sml-layout":"","ast-disable-related-posts":"","theme-transparent-header-meta":"","adv-header-id-meta":"","stick-header-meta":"","header-above-stick-meta":"","header-main-stick-meta":"","header-below-stick-meta":"","astra-migrate-meta-layouts":"set","ast-page-background-enabled":"default","ast-page-background-meta":{"desktop":{"background-color":"var(--ast-global-color-4)","background-image":"","background-repeat":"repeat","background-position":"center center","background-size":"auto","background-attachment":"scroll","background-type":"","background-media":"","overlay-type":"","overlay-color":"","overlay-opacity":"","overlay-gradient":""},"tablet":{"background-color":"","background-image":"","background-repeat":"repeat","background-position":"center center","background-size":"auto","background-attachment":"scroll","background-type":"","background-media":"","overlay-type":"","overlay-color":"","overlay-opacity":"","overlay-gradient":""},"mobile":{"background-color":"","background-image":"","background-repeat":"repeat","background-position":"center center","background-size":"auto","background-attachment":"scroll","background-type":"","background-media":"","overlay-type":"","overlay-color":"","overlay-opacity":"","overlay-gradient":""}},"ast-content-background-meta":{"desktop":{"background-color":"var(--ast-global-color-5)","background-image":"","background-repeat":"repeat","background-position":"center center","background-size":"auto","background-attachment":"scroll","background-type":"","background-media":"","overlay-type":"","overlay-color":"","overlay-opacity":"","overlay-gradient":""},"tablet":{"background-color":"var(--ast-global-color-5)","background-image":"","background-repeat":"repeat","background-position":"center center","background-size":"auto","background-attachment":"scroll","background-type":"","background-media":"","overlay-type":"","overlay-color":"","overlay-opacity":"","overlay-gradient":""},"mobile":{"background-color":"var(--ast-global-color-5)","background-image":"","background-repeat":"repeat","background-position":"center center","background-size":"auto","background-attachment":"scroll","background-type":"","background-media":"","overlay-type":"","overlay-color":"","overlay-opacity":"","overlay-gradient":""}},"footnotes":""},"class_list":["post-2557","page","type-page","status-publish","hentry"],"aioseo_notices":[],"uagb_featured_image_src":{"full":false,"thumbnail":false,"medium":false,"medium_large":false,"large":false,"1536x1536":false,"2048x2048":false,"trp-custom-language-flag":false,"woocommerce_thumbnail":false,"woocommerce_single":false,"woocommerce_gallery_thumbnail":false},"uagb_author_info":{"display_name":"grupoapsaredes@gmail.com","author_link":"https:\/\/pacascrudas.com.mx\/en\/author\/grupoapsaredesgmail-com\/"},"uagb_comment_info":0,"uagb_excerpt":"CARGA COMPLETA DE PACAS CRUDAS -Carga con 45 o 46 pacas de mil libras aproximadamente.-Producto intacto, con todas las calidades mixtas (ropa con etiqueta, premium, calidad 1, calidad 2 y econ\u00f3mico). Sale ropa, chachara, calzado, joyer\u00eda, ropa de casa. Temporadas de fr\u00edo y calor mixto.","_links":{"self":[{"href":"https:\/\/pacascrudas.com.mx\/en\/wp-json\/wp\/v2\/pages\/2557","targetHints":{"allow":["GET"]}}],"collection":[{"href":"https:\/\/pacascrudas.com.mx\/en\/wp-json\/wp\/v2\/pages"}],"about":[{"href":"https:\/\/pacascrudas.com.mx\/en\/wp-json\/wp\/v2\/types\/page"}],"author":[{"embeddable":true,"href":"https:\/\/pacascrudas.com.mx\/en\/wp-json\/wp\/v2\/users\/1"}],"replies":[{"embeddable":true,"href":"https:\/\/pacascrudas.com.mx\/en\/wp-json\/wp\/v2\/comments?post=2557"}],"version-history":[{"count":11,"href":"https:\/\/pacascrudas.com.mx\/en\/wp-json\/wp\/v2\/pages\/2557\/revisions"}],"predecessor-version":[{"id":2728,"href":"https:\/\/pacascrudas.com.mx\/en\/wp-json\/wp\/v2\/pages\/2557\/revisions\/2728"}],"wp:attachment":[{"href":"https:\/\/pacascrudas.com.mx\/en\/wp-json\/wp\/v2\/media?parent=2557"}],"curies":[{"name":"wp","href":"https:\/\/api.w.org\/{rel}","templated":true}]}}