{"id":2463,"date":"2025-08-05T17:26:38","date_gmt":"2025-08-05T17:26:38","guid":{"rendered":"https:\/\/pacascrudas.com.mx\/?page_id=2463"},"modified":"2025-10-15T19:24:24","modified_gmt":"2025-10-15T19:24:24","slug":"deta-productos","status":"publish","type":"page","link":"https:\/\/pacascrudas.com.mx\/en\/deta-productos\/","title":{"rendered":"1re producto"},"content":{"rendered":"<div class=\"wp-block-uagb-container boton-mi-pagina uagb-block-1d1f4d9b alignfull uagb-is-root-container\"><div class=\"uagb-container-inner-blocks-wrap\">\n<div class=\"wp-block-uagb-buttons uagb-buttons__outer-wrap uagb-btn__default-btn uagb-btn-tablet__default-btn uagb-btn-mobile__default-btn uagb-block-501f8f8d\"><div class=\"uagb-buttons__wrap uagb-buttons-layout-wrap\">\n<div class=\"wp-block-uagb-buttons-child uagb-buttons__outer-wrap uagb-block-3959cb82 wp-block-button\"><div class=\"uagb-button__wrapper\"><a class=\"uagb-buttons-repeater wp-block-button__link\" aria-label=\"\" href=\"https:\/\/pacascrudas.com.mx\/en\/productos-2\/\" rel=\"follow noopener\" target=\"_self\" role=\"button\"><span class=\"uagb-button__icon uagb-button__icon-position-before\"><svg xmlns=\"https:\/\/www.w3.org\/2000\/svg\" viewbox=\"0 0 448 512\" aria-hidden=\"true\" focussable=\"false\"><path d=\"M447.1 256C447.1 273.7 433.7 288 416 288H109.3l105.4 105.4c12.5 12.5 12.5 32.75 0 45.25C208.4 444.9 200.2 448 192 448s-16.38-3.125-22.62-9.375l-160-160c-12.5-12.5-12.5-32.75 0-45.25l160-160c12.5-12.5 32.75-12.5 45.25 0s12.5 32.75 0 45.25L109.3 224H416C433.7 224 447.1 238.3 447.1 256z\"><\/path><\/svg><\/span><div class=\"uagb-button__link\">Back<\/div><\/a><\/div><\/div>\n<\/div><\/div>\n<\/div><\/div>\n\n\n\n<div class=\"wp-block-uagb-container uagb-block-9c2e4bae alignfull uagb-is-root-container\"><div class=\"uagb-container-inner-blocks-wrap\">\n<div class=\"wp-block-uagb-container uagb-block-329571c9 alignfull uagb-is-root-container\"><div class=\"uagb-container-inner-blocks-wrap\">\n<div class=\"wp-block-uagb-container uagb-block-18fbc750\">\n<div class=\"wp-block-uagb-container uagb-block-0a3b90d8\">\n<div class=\"wp-block-uagb-image aligncenter uagb-block-3a9b9169 wp-block-uagb-image--layout-default wp-block-uagb-image--effect-static wp-block-uagb-image--align-center\"><figure class=\"wp-block-uagb-image__figure\"><img decoding=\"async\" srcset=\"https:\/\/pacascrudas.com.mx\/wp-content\/uploads\/2025\/07\/WhatsApp-Image-2025-07-18-at-11.55.50-AM-edited-1022x1024.jpeg ,https:\/\/pacascrudas.com.mx\/wp-content\/uploads\/2025\/07\/WhatsApp-Image-2025-07-18-at-11.55.50-AM-edited.jpeg 780w, https:\/\/pacascrudas.com.mx\/wp-content\/uploads\/2025\/07\/WhatsApp-Image-2025-07-18-at-11.55.50-AM-edited.jpeg 360w\" sizes=\"auto, (max-width: 480px) 150px\" src=\"https:\/\/pacascrudas.com.mx\/wp-content\/uploads\/2025\/07\/WhatsApp-Image-2025-07-18-at-11.55.50-AM-edited-1022x1024.jpeg\" alt=\"whatsapp image 2025 07 18 at 11.55.50 am\" class=\"uag-image-2412\" width=\"1022\" height=\"1024\" title=\"whatsapp image 2025 07 18 at 11.55.50 am\" loading=\"lazy\" role=\"img\"\/><\/figure><\/div>\n<\/div>\n<\/div>\n\n\n\n<div class=\"wp-block-group is-layout-flex wp-block-group-is-layout-flex\">\n<div class=\"wp-block-uagb-container uagb-block-5228347d\">\n<div class=\"wp-block-uagb-advanced-heading uagb-block-e58eb588\"><h2 class=\"uagb-heading-text\">HALF BALE LOAD <\/h2><\/div>\n\n\n\n<div class=\"wp-block-uagb-container mi-precio-personalizado uagb-block-e2084ba9\"><\/div>\n\n\n\n<div class=\"wp-block-uagb-container uagb-block-0899e705\">\n<div class=\"wp-block-uagb-advanced-heading uagb-block-d2a684eb\"><h3 class=\"uagb-heading-text translation-block\">-Load with approximately 22 or 23 bales of about 1,000 pounds each.\n-Product intact, containing all mixed qualities (clothing with tags, premium, quality 1, quality 2, and economical). Includes clothing, accessories, footwear, jewelry, and household textiles. Mixed cold and warm season items.<\/h3><\/div>\n<\/div>\n\n\n\n<div class=\"wp-block-uagb-container uagb-block-623ca4f8\">\n<div class=\"wp-block-uagb-buttons uagb-buttons__outer-wrap uagb-btn__default-btn uagb-btn-tablet__default-btn uagb-btn-mobile__default-btn uagb-block-ef49d6b5\"><div class=\"uagb-buttons__wrap uagb-buttons-layout-wrap\">\n<div class=\"wp-block-uagb-buttons-child uagb-buttons__outer-wrap uagb-block-95aec313 wp-block-button\"><div class=\"uagb-button__wrapper\"><a class=\"uagb-buttons-repeater wp-block-button__link\" aria-label=\"\" href=\"https:\/\/chat.whatsapp.com\/EtSA3O8f7hv6rBZytpEA5f?mode=ems_copy_t\" rel=\"follow noopener\" target=\"_blank\" role=\"button\"><div class=\"uagb-button__link\">WhatsApp!!<\/div><\/a><\/div><\/div>\n<\/div><\/div>\n<\/div>\n<\/div>\n<\/div>\n<\/div><\/div>\n<\/div><\/div>\n\n\n\n<div class=\"wp-block-uagb-container uagb-block-58f3591c alignfull uagb-is-root-container\">\n<div class=\"wp-block-uagb-container uagb-block-a8bb29e7\">\n<div class=\"wp-block-uagb-container uagb-block-235f0db6\"><div class=\"uagb-container__shape uagb-container__shape-bottom uagb-container__invert\" data-negative=\"false\"><svg xmlns=\"https:\/\/www.w3.org\/2000\/svg\" viewbox=\"0 0 1000 100\" preserveaspectratio=\"none\"><path class=\"uagb-container__shape-fill\" opacity=\"0.33\" d=\"M473,67.3c-203.9,88.3-263.1-34-320.3,0C66,119.1,0,59.7,0,59.7V0h1000v59.7 c0,0-62.1,26.1-94.9,29.3c-32.8,3.3-62.8-12.3-75.8-22.1C806,49.6,745.3,8.7,694.9,4.7S492.4,59,473,67.3z\"><\/path><path class=\"uagb-container__shape-fill\" opacity=\"0.66\" d=\"M734,67.3c-45.5,0-77.2-23.2-129.1-39.1c-28.6-8.7-150.3-10.1-254,39.1 s-91.7-34.4-149.2,0C115.7,118.3,0,39.8,0,39.8V0h1000v36.5c0,0-28.2-18.5-92.1-18.5C810.2,18.1,775.7,67.3,734,67.3z\"><\/path><path class=\"uagb-container__shape-fill\" d=\"M766.1,28.9c-200-57.5-266,65.5-395.1,19.5C242,1.8,242,5.4,184.8,20.6C128,35.8,132.3,44.9,89.9,52.5C28.6,63.7,0,0,0,0 h1000c0,0-9.9,40.9-83.6,48.1S829.6,47,766.1,28.9z\"><\/path><\/svg><\/div>\n<figure style=\"margin-top:0;margin-right:0;margin-bottom:0;margin-left:0\" class=\"wp-block-video\"><video controls src=\"http:\/\/pacascrudas.com.mx\/wp-content\/uploads\/2025\/08\/WhatsApp-Video-2025-08-05-at-3.39.38-PM.mp4\"><\/video><\/figure>\n<\/div>\n<\/div>\n\n\n\n<div class=\"wp-block-uagb-container uagb-block-cde00998\">\n<h2 class=\"wp-block-heading\"><em><em>\ud83d\udd25 <em>Intact bales at the price you\u2019re looking for!<\/em><\/em><\/em><\/h2>\n\n\n\n<div class=\"wp-block-uagb-advanced-heading uagb-block-2f946bb0\"><h3 class=\"uagb-heading-text\"><em>Discover how to get our raw clothing bales, ready for you to start your business.<\/em><br>We Offer <strong>Quality, variety, and excellent price<\/strong> directly from the source. Grow your store with us!<\/h3><\/div>\n\n\n\n<div class=\"wp-block-group is-nowrap is-layout-flex wp-container-core-group-is-layout-6c531013 wp-block-group-is-layout-flex\">\n<div class=\"wp-block-uagb-container uagb-block-a72eb094\"><\/div>\n\n\n\n<div class=\"wp-block-uagb-container uagb-block-281184d6\">\n<div class=\"wp-block-uagb-buttons uagb-buttons__outer-wrap uagb-btn__default-btn uagb-btn-tablet__default-btn uagb-btn-mobile__default-btn uagb-block-278a3198\"><div class=\"uagb-buttons__wrap uagb-buttons-layout-wrap\">\n<div class=\"wp-block-uagb-buttons-child uagb-buttons__outer-wrap uagb-block-d84cac49 wp-block-button\"><div class=\"uagb-button__wrapper\"><a class=\"uagb-buttons-repeater wp-block-button__link\" aria-label=\"\" href=\"https:\/\/chat.whatsapp.com\/EtSA3O8f7hv6rBZytpEA5f?mode=ems_copy_t\" rel=\"follow noopener\" target=\"_self\" role=\"button\"><div class=\"uagb-button__link\">\ud83d\udce9 <strong>Request your quote now<\/strong><\/div><span class=\"uagb-button__icon uagb-button__icon-position-after\"><svg xmlns=\"https:\/\/www.w3.org\/2000\/svg\" viewbox=\"0 0 448 512\" aria-hidden=\"true\" focussable=\"false\"><path d=\"M438.6 278.6l-160 160C272.4 444.9 264.2 448 256 448s-16.38-3.125-22.62-9.375c-12.5-12.5-12.5-32.75 0-45.25L338.8 288H32C14.33 288 .0016 273.7 .0016 256S14.33 224 32 224h306.8l-105.4-105.4c-12.5-12.5-12.5-32.75 0-45.25s32.75-12.5 45.25 0l160 160C451.1 245.9 451.1 266.1 438.6 278.6z\"><\/path><\/svg><\/span><\/a><\/div><\/div>\n<\/div><\/div>\n<\/div>\n<\/div>\n<\/div>\n\n\n\n<div class=\"wp-block-uagb-container uagb-block-49445eb9\"><\/div>\n\n\n\n<div class=\"wp-block-uagb-container uagb-block-98beff54\"><\/div>\n<\/div>\n\n\n\n<div style=\"height:100px\" aria-hidden=\"true\" class=\"wp-block-spacer\"><\/div>\n\n\n\n<div class=\"wp-block-group alignfull is-content-justification-center is-layout-constrained wp-container-core-group-is-layout-c7f866ca wp-block-group-is-layout-constrained\" style=\"margin-top:0;margin-bottom:0;padding-top:calc( 0.5 * var(--wp--style--root--padding-right, var(--wp--custom--gap--horizontal)));padding-right:var(--wp--style--root--padding-right, var(--wp--custom--gap--horizontal));padding-bottom:calc( 0.5 * var(--wp--style--root--padding-right, var(--wp--custom--gap--horizontal)));padding-left:var(--wp--style--root--padding-left, var(--wp--custom--gap--horizontal))\">\n<div style=\"height:calc( 0.25 * var(--wp--style--root--padding-right, var(--wp--custom--gap--horizontal)))\" aria-hidden=\"true\" class=\"wp-block-spacer\"><\/div>\n\n\n\n<div style=\"height:calc( 0.25 * var(--wp--style--root--padding-right, var(--wp--custom--gap--horizontal)))\" aria-hidden=\"true\" class=\"wp-block-spacer\"><\/div>\n<\/div>\n\n\n\n<p><\/p>","protected":false},"excerpt":{"rendered":"<p>CARGA DE MEDIA PACA -Carga con 22 o 23 pacas de mil libras aproximadas.-Producto intacto, con todas las calidades mixtas (ropa con etiqueta, premium, calidad 1, calidad 2 y econ\u00f3mico). Sale ropa, chachara, calzado, joyer\u00eda, ropa de casa. Temporadas de fr\u00edo y calor mixto. \ud83d\udd25 \u00a1Pacas intactas al precio que buscas! Descubre c\u00f3mo obtener nuestras [&hellip;]<\/p>","protected":false},"author":1,"featured_media":0,"parent":0,"menu_order":0,"comment_status":"closed","ping_status":"closed","template":"","meta":{"_uag_custom_page_level_css":"","site-sidebar-layout":"default","site-content-layout":"","ast-site-content-layout":"default","site-content-style":"default","site-sidebar-style":"default","ast-global-header-display":"","ast-banner-title-visibility":"","ast-main-header-display":"","ast-hfb-above-header-display":"","ast-hfb-below-header-display":"","ast-hfb-mobile-header-display":"","site-post-title":"disabled","ast-breadcrumbs-content":"","ast-featured-img":"","footer-sml-layout":"","ast-disable-related-posts":"","theme-transparent-header-meta":"","adv-header-id-meta":"","stick-header-meta":"","header-above-stick-meta":"","header-main-stick-meta":"","header-below-stick-meta":"","astra-migrate-meta-layouts":"set","ast-page-background-enabled":"default","ast-page-background-meta":{"desktop":{"background-color":"var(--ast-global-color-4)","background-image":"","background-repeat":"repeat","background-position":"center center","background-size":"auto","background-attachment":"scroll","background-type":"","background-media":"","overlay-type":"","overlay-color":"","overlay-opacity":"","overlay-gradient":""},"tablet":{"background-color":"","background-image":"","background-repeat":"repeat","background-position":"center center","background-size":"auto","background-attachment":"scroll","background-type":"","background-media":"","overlay-type":"","overlay-color":"","overlay-opacity":"","overlay-gradient":""},"mobile":{"background-color":"","background-image":"","background-repeat":"repeat","background-position":"center center","background-size":"auto","background-attachment":"scroll","background-type":"","background-media":"","overlay-type":"","overlay-color":"","overlay-opacity":"","overlay-gradient":""}},"ast-content-background-meta":{"desktop":{"background-color":"var(--ast-global-color-5)","background-image":"","background-repeat":"repeat","background-position":"center center","background-size":"auto","background-attachment":"scroll","background-type":"","background-media":"","overlay-type":"","overlay-color":"","overlay-opacity":"","overlay-gradient":""},"tablet":{"background-color":"var(--ast-global-color-5)","background-image":"","background-repeat":"repeat","background-position":"center center","background-size":"auto","background-attachment":"scroll","background-type":"","background-media":"","overlay-type":"","overlay-color":"","overlay-opacity":"","overlay-gradient":""},"mobile":{"background-color":"var(--ast-global-color-5)","background-image":"","background-repeat":"repeat","background-position":"center center","background-size":"auto","background-attachment":"scroll","background-type":"","background-media":"","overlay-type":"","overlay-color":"","overlay-opacity":"","overlay-gradient":""}},"footnotes":""},"class_list":["post-2463","page","type-page","status-publish","hentry"],"aioseo_notices":[],"uagb_featured_image_src":{"full":false,"thumbnail":false,"medium":false,"medium_large":false,"large":false,"1536x1536":false,"2048x2048":false,"trp-custom-language-flag":false,"woocommerce_thumbnail":false,"woocommerce_single":false,"woocommerce_gallery_thumbnail":false},"uagb_author_info":{"display_name":"grupoapsaredes@gmail.com","author_link":"https:\/\/pacascrudas.com.mx\/en\/author\/grupoapsaredesgmail-com\/"},"uagb_comment_info":0,"uagb_excerpt":"CARGA DE MEDIA PACA -Carga con 22 o 23 pacas de mil libras aproximadas.-Producto intacto, con todas las calidades mixtas (ropa con etiqueta, premium, calidad 1, calidad 2 y econ\u00f3mico). Sale ropa, chachara, calzado, joyer\u00eda, ropa de casa. Temporadas de fr\u00edo y calor mixto. \ud83d\udd25 \u00a1Pacas intactas al precio que buscas! Descubre c\u00f3mo obtener nuestras&hellip;","_links":{"self":[{"href":"https:\/\/pacascrudas.com.mx\/en\/wp-json\/wp\/v2\/pages\/2463","targetHints":{"allow":["GET"]}}],"collection":[{"href":"https:\/\/pacascrudas.com.mx\/en\/wp-json\/wp\/v2\/pages"}],"about":[{"href":"https:\/\/pacascrudas.com.mx\/en\/wp-json\/wp\/v2\/types\/page"}],"author":[{"embeddable":true,"href":"https:\/\/pacascrudas.com.mx\/en\/wp-json\/wp\/v2\/users\/1"}],"replies":[{"embeddable":true,"href":"https:\/\/pacascrudas.com.mx\/en\/wp-json\/wp\/v2\/comments?post=2463"}],"version-history":[{"count":59,"href":"https:\/\/pacascrudas.com.mx\/en\/wp-json\/wp\/v2\/pages\/2463\/revisions"}],"predecessor-version":[{"id":2727,"href":"https:\/\/pacascrudas.com.mx\/en\/wp-json\/wp\/v2\/pages\/2463\/revisions\/2727"}],"wp:attachment":[{"href":"https:\/\/pacascrudas.com.mx\/en\/wp-json\/wp\/v2\/media?parent=2463"}],"curies":[{"name":"wp","href":"https:\/\/api.w.org\/{rel}","templated":true}]}}